{"id":111206,"date":"2025-02-25T11:40:00","date_gmt":"2025-02-25T10:40:00","guid":{"rendered":"https:\/\/tim.www.timsa.pl\/unique-business-model\/"},"modified":"2025-07-24T13:14:08","modified_gmt":"2025-07-24T11:14:08","slug":"unique-business-model","status":"publish","type":"page","link":"https:\/\/www.timsa.pl\/en\/about-us\/unique-business-model\/","title":{"rendered":"Unique Business Model"},"content":{"rendered":"<div id=\"pl-476\" class=\"panel-layout\">\n<div id=\"pg-476-0\" class=\"panel-grid panel-no-style\">\n<div id=\"pgc-476-0-0\" class=\"panel-grid-cell\">\n<div id=\"panel-476-0-0-0\" class=\"so-panel widget widget_sow-editor panel-first-child panel-last-child\">\n<div class=\"so-widget-sow-editor so-widget-sow-editor-base\">\n<div class=\"siteorigin-widget-tinymce textwidget\">\n<p><img loading=\"lazy\" decoding=\"async\" class=\"alignright wp-image-505 size-full\" src=\"https:\/\/www.timsa.pl\/wp-content\/uploads\/2023\/01\/2.jpg\" width=\"240\" height=\"110\" \/>TIM SA jest jednym z najwi\u0119kszych <b>dystrybutor\u00f3w\u00a0artyku\u0142\u00f3w elektrotechnicznych<\/b> w Polsce.<\/p>\n<p>Firma posiada unikalne, ponad\u00a0<b><a title=\"Historia\" href=\"https:\/\/www.timsa.pl\/o-firmie\/historia\">25-letnie do\u015bwiadczenie<\/a><\/b> w bran\u017cy, kt\u00f3re \u0142\u0105czy z nowoczesnymi technologiami e-handlu, prowadz\u0105c sprzeda\u017c poprzez internetowy\u00a0<a title=\"Sklep TIM\" href=\"https:\/\/www.tim.pl\/\" target=\"_blank\" rel=\"noopener\">Sklep TIM<\/a>\u00a0i jego mobiln\u0105 wersj\u0119\u00a0<a title=\"mTIM\" href=\"https:\/\/play.google.com\/store\/apps\/details?id=pl.tim.mtim\" target=\"_blank\" rel=\"noopener\">mTIM<\/a>. <b>TIM SA\u00a0jako pierwszy w Polsce dystrybutor artyku\u0142\u00f3w elektrotechnicznych udost\u0119pni\u0142 swoj\u0105 ofert\u0119 przez internet<\/b> zar\u00f3wno dla klienta biznesowego, jak i indywidualnego, <b>bez konieczno\u015bci wcze\u015bniejszego rejestrowania si\u0119 czy logowania<\/b>.<\/p>\n<p>Wsparcie i doradztwo techniczne oferuje klientom og\u00f3lnopolska sie\u0107 <a title=\"Sie\u0107 sprzeda\u017cy\" href=\"https:\/\/www.timsa.pl\/siec-sprzedazy\">biur handlowych<\/a> i przedstawicieli handlowych, a tak\u017ce <a title=\"Kontakt\" href=\"https:\/\/www.timsa.pl\/kontakt\">infolinia<\/a>. Dostawy bezpo\u015brednio do klienta lub pod inny wskazany przez niego adres realizuje centrum logistyczne w podwroc\u0142awskich Siechnicach, kt\u00f3rego operatorem jest <a href=\"https:\/\/www.timsa.pl\/o-firmie#3LP\">3LP SA<\/a> &#8211; sp\u00f3\u0142ka nale\u017c\u0105ca w 100% do TIM SA..<\/p>\n<p>W sta\u0142ej ofercie TIM SA znajduje si\u0119 <b>pe\u0142en asortyment <a title=\"Grupy asortymentowe\" href=\"https:\/\/www.timsa.pl\/oferta\/grupy-asortymentowe\">artyku\u0142\u00f3w elektrotechnicznych<\/a>.\u00a0<\/b>Towar dostarczaj\u0105 <a title=\"Dostawcy\" href=\"https:\/\/www.timsa.pl\/oferta\/dostawcy\">renomowani producenci z Polski i zagranicy<\/a>.<\/p>\n<p>Naturalnym etapem rozwoju firmy by\u0142o rozpocz\u0119cie w 2011 r. wraz z producentami z bran\u017cy elektrotechnicznej <a title=\"Szkolenia\" href=\"https:\/\/www.timsa.pl\/baza-wiedzy\/szkolenia\">dzia\u0142alno\u015bci szkoleniowej<\/a>. <b><a title=\"Szkolenia elektryczne\" href=\"https:\/\/www.szkolenia.tim.pl\/\" target=\"_blank\" rel=\"noopener\">Szkolenia elektryczne<\/a><\/b> organizowane przez TIM SA i partner\u00f3w maj\u0105 charakter otwarty &#8211; mog\u0105 bra\u0107 w nich udzia\u0142 tak\u017ce firmy i osoby nieb\u0119d\u0105ce klientami TIM. Wraz z rozpocz\u0119ciem dzia\u0142alno\u015bci szkoleniowej TIM SA uruchomi\u0142 <b>internetow\u0105 platform\u0119 wiedzy<\/b> <a href=\"https:\/\/www.szkolenia.tim.pl\/\">www.szkolenia.tim.pl<\/a>\u00a0ze stale aktualizowan\u0105 i poszerzan\u0105 <b>bezp\u0142atn\u0105 <a title=\"Baza wiedzy\" href=\"https:\/\/szkolenia.tim.pl\/baza-wiedzy\/\" target=\"_blank\" rel=\"noopener\">baz\u0105 wiedzy<\/a><\/b>..<\/p>\n<\/div>\n<\/div>\n<\/div>\n<\/div>\n<\/div>\n<\/div>\n","protected":false},"excerpt":{"rendered":"<p>TIM SA jest jednym z najwi\u0119kszych dystrybutor\u00f3w\u00a0artyku\u0142\u00f3w elektrotechnicznych w Polsce. Firma posiada unikalne, ponad\u00a025-letnie do\u015bwiadczenie w bran\u017cy, kt\u00f3re \u0142\u0105czy z nowoczesnymi technologiami e-handlu, prowadz\u0105c sprzeda\u017c poprzez internetowy\u00a0Sklep TIM\u00a0i jego mobiln\u0105 wersj\u0119\u00a0mTIM. TIM SA\u00a0jako pierwszy w Polsce dystrybutor artyku\u0142\u00f3w elektrotechnicznych udost\u0119pni\u0142 swoj\u0105 ofert\u0119 przez internet zar\u00f3wno dla klienta biznesowego, jak i indywidualnego, bez konieczno\u015bci wcze\u015bniejszego rejestrowania [&hellip;]<\/p>\n","protected":false},"author":1,"featured_media":111172,"parent":111259,"menu_order":0,"comment_status":"open","ping_status":"open","template":"page-unique-business-model.php","meta":{"_acf_changed":false,"footnotes":""},"class_list":["post-111206","page","type-page","status-publish","has-post-thumbnail","hentry"],"acf":[],"aioseo_notices":[],"_links":{"self":[{"href":"https:\/\/www.timsa.pl\/en\/wp-json\/wp\/v2\/pages\/111206","targetHints":{"allow":["GET"]}}],"collection":[{"href":"https:\/\/www.timsa.pl\/en\/wp-json\/wp\/v2\/pages"}],"about":[{"href":"https:\/\/www.timsa.pl\/en\/wp-json\/wp\/v2\/types\/page"}],"author":[{"embeddable":true,"href":"https:\/\/www.timsa.pl\/en\/wp-json\/wp\/v2\/users\/1"}],"replies":[{"embeddable":true,"href":"https:\/\/www.timsa.pl\/en\/wp-json\/wp\/v2\/comments?post=111206"}],"version-history":[{"count":55,"href":"https:\/\/www.timsa.pl\/en\/wp-json\/wp\/v2\/pages\/111206\/revisions"}],"predecessor-version":[{"id":138194,"href":"https:\/\/www.timsa.pl\/en\/wp-json\/wp\/v2\/pages\/111206\/revisions\/138194"}],"up":[{"embeddable":true,"href":"https:\/\/www.timsa.pl\/en\/wp-json\/wp\/v2\/pages\/111259"}],"wp:featuredmedia":[{"embeddable":true,"href":"https:\/\/www.timsa.pl\/en\/wp-json\/wp\/v2\/media\/111172"}],"wp:attachment":[{"href":"https:\/\/www.timsa.pl\/en\/wp-json\/wp\/v2\/media?parent=111206"}],"curies":[{"name":"wp","href":"https:\/\/api.w.org\/{rel}","templated":true}]}}